{"id":417,"date":"2022-07-28T13:31:41","date_gmt":"2022-07-28T13:31:41","guid":{"rendered":"https:\/\/oc-musicproduction.at\/?page_id=417"},"modified":"2026-02-25T15:01:16","modified_gmt":"2026-02-25T14:01:16","slug":"impressum","status":"publish","type":"page","link":"https:\/\/oc-musicproduction.at\/en\/impressum\/","title":{"rendered":"Impressum"},"content":{"rendered":"\t\t<div data-elementor-type=\"wp-page\" data-elementor-id=\"417\" class=\"elementor elementor-417\" data-elementor-post-type=\"page\">\n\t\t\t\t<div class=\"elementor-element elementor-element-f8f3050 e-flex e-con-boxed e-con e-parent\" data-id=\"f8f3050\" data-element_type=\"container\" data-e-type=\"container\" data-settings=\"{&quot;background_background&quot;:&quot;classic&quot;}\">\n\t\t\t\t\t<div class=\"e-con-inner\">\n\t\t<div class=\"elementor-element elementor-element-ff91efc e-con-full e-flex e-con e-child\" data-id=\"ff91efc\" data-element_type=\"container\" data-e-type=\"container\" data-settings=\"{&quot;background_background&quot;:&quot;gradient&quot;}\">\n\t\t<div class=\"elementor-element elementor-element-89ade10 e-con-full e-flex e-con e-child\" data-id=\"89ade10\" data-element_type=\"container\" data-e-type=\"container\" data-settings=\"{&quot;background_background&quot;:&quot;classic&quot;}\">\n\t\t<div class=\"elementor-element elementor-element-28fb24c elementor-hidden-mobile e-con-full e-flex e-con e-child\" data-id=\"28fb24c\" data-element_type=\"container\" data-e-type=\"container\" data-settings=\"{&quot;background_background&quot;:&quot;classic&quot;}\">\n\t\t\t\t<\/div>\n\t\t<div class=\"elementor-element elementor-element-32fc50d e-con-full e-flex e-con e-child\" data-id=\"32fc50d\" data-element_type=\"container\" data-e-type=\"container\" data-settings=\"{&quot;background_background&quot;:&quot;classic&quot;}\">\n\t\t\t\t<div class=\"elementor-element elementor-element-87cafaf elementor-widget elementor-widget-heading\" data-id=\"87cafaf\" data-element_type=\"widget\" data-e-type=\"widget\" data-widget_type=\"heading.default\">\n\t\t\t\t<div class=\"elementor-widget-container\">\n\t\t\t\t\t<h2 class=\"elementor-heading-title elementor-size-default\">Impressum<\/h2>\t\t\t\t<\/div>\n\t\t\t\t<\/div>\n\t\t\t\t<div class=\"elementor-element elementor-element-04113cd elementor-widget elementor-widget-text-editor\" data-id=\"04113cd\" data-element_type=\"widget\" data-e-type=\"widget\" data-widget_type=\"text-editor.default\">\n\t\t\t\t<div class=\"elementor-widget-container\">\n\t\t\t\t\t\t\t\t\t<p data-start=\"805\" data-end=\"848\">Angaben gem\u00e4\u00df \u00a7 5 ECG und \u00a7 24 Mediengesetz<\/p><p data-start=\"850\" data-end=\"895\"><strong data-start=\"850\" data-end=\"859\">Name: <\/strong>Karl Ocenasek<\/p><p data-start=\"897\" data-end=\"980\"><strong data-start=\"897\" data-end=\"911\">Anschrift: <\/strong>A-2185 Prinzendorf an der Zaya<br data-start=\"944\" data-end=\"947\" \/>Wiesbergsiedlung 330<br data-start=\"967\" data-end=\"970\" \/>\u00d6sterreich<\/p><p data-start=\"982\" data-end=\"1026\"><strong data-start=\"982\" data-end=\"993\">E-Mail: <\/strong><a class=\"decorated-link cursor-pointer\" rel=\"noopener\" data-start=\"996\" data-end=\"1024\">office[at]oc-musicproduction.at<\/a><\/p><p data-start=\"1028\" data-end=\"1118\"><strong data-start=\"1028\" data-end=\"1080\">Medieninhaber und f\u00fcr den Inhalt verantwortlich:<\/strong><br data-start=\"1080\" data-end=\"1083\" \/>Karl Ocenasek<\/p><p data-start=\"1120\" data-end=\"1196\">K\u00fcnstlerische T\u00e4tigkeit im Bereich Musikproduktion<\/p>\t\t\t\t\t\t\t\t<\/div>\n\t\t\t\t<\/div>\n\t\t\t\t<\/div>\n\t\t\t\t<\/div>\n\t\t\t\t<\/div>\n\t\t\t\t\t<\/div>\n\t\t\t\t<\/div>\n\t\t\t\t<\/div>\n\t\t","protected":false},"excerpt":{"rendered":"<p>Impressum Angaben gem\u00e4\u00df \u00a7 5 ECG und \u00a7 24 Mediengesetz Name: Karl Ocenasek Anschrift: A-2185 Prinzendorf an der ZayaWiesbergsiedlung 330\u00d6sterreich E-Mail: office[at]oc-musicproduction.at Medieninhaber und f\u00fcr den Inhalt verantwortlich:Karl Ocenasek K\u00fcnstlerische T\u00e4tigkeit im Bereich Musikproduktion<\/p>\n","protected":false},"author":1,"featured_media":0,"parent":0,"menu_order":0,"comment_status":"closed","ping_status":"closed","template":"","meta":{"footnotes":""},"class_list":["post-417","page","type-page","status-publish","hentry"],"_links":{"self":[{"href":"https:\/\/oc-musicproduction.at\/en\/wp-json\/wp\/v2\/pages\/417","targetHints":{"allow":["GET"]}}],"collection":[{"href":"https:\/\/oc-musicproduction.at\/en\/wp-json\/wp\/v2\/pages"}],"about":[{"href":"https:\/\/oc-musicproduction.at\/en\/wp-json\/wp\/v2\/types\/page"}],"author":[{"embeddable":true,"href":"https:\/\/oc-musicproduction.at\/en\/wp-json\/wp\/v2\/users\/1"}],"replies":[{"embeddable":true,"href":"https:\/\/oc-musicproduction.at\/en\/wp-json\/wp\/v2\/comments?post=417"}],"version-history":[{"count":0,"href":"https:\/\/oc-musicproduction.at\/en\/wp-json\/wp\/v2\/pages\/417\/revisions"}],"wp:attachment":[{"href":"https:\/\/oc-musicproduction.at\/en\/wp-json\/wp\/v2\/media?parent=417"}],"curies":[{"name":"wp","href":"https:\/\/api.w.org\/{rel}","templated":true}]}}